{"id":986,"date":"2018-10-29T09:20:21","date_gmt":"2018-10-29T09:20:21","guid":{"rendered":"https:\/\/augersrl.com\/privacy-policy-2\/"},"modified":"2018-10-29T09:28:57","modified_gmt":"2018-10-29T09:28:57","slug":"cookie-policy","status":"publish","type":"page","link":"https:\/\/augersrl.com\/en\/cookie-policy\/","title":{"rendered":"Cookie Policy"},"content":{"rendered":"<div data-elementor-type=\"wp-post\" data-elementor-id=\"986\" class=\"elementor elementor-986 elementor-bc-flex-widget\" data-elementor-post-type=\"page\">\n\t\t\t\t\t\t<section class=\"elementor-section elementor-top-section elementor-element elementor-element-5f3a1ba elementor-section-boxed elementor-section-height-default elementor-section-height-default\" data-id=\"5f3a1ba\" data-element_type=\"section\">\n\t\t\t\t\t\t<div class=\"elementor-container elementor-column-gap-default\">\n\t\t\t\t\t<div class=\"elementor-column elementor-col-100 elementor-top-column elementor-element elementor-element-882f0c3\" data-id=\"882f0c3\" data-element_type=\"column\">\n\t\t\t<div class=\"elementor-widget-wrap elementor-element-populated\">\n\t\t\t\t\t\t<div class=\"elementor-element elementor-element-17291ac elementor-widget elementor-widget-heading\" data-id=\"17291ac\" data-element_type=\"widget\" data-widget_type=\"heading.default\">\n\t\t\t\t<div class=\"elementor-widget-container\">\n\t\t\t<h1 class=\"elementor-heading-title elementor-size-default\">Cookie Policy<\/h1>\t\t<\/div>\n\t\t\t\t<\/div>\n\t\t\t\t<div class=\"elementor-element elementor-element-25279b9 elementor-widget elementor-widget-text-editor\" data-id=\"25279b9\" data-element_type=\"widget\" data-widget_type=\"text-editor.default\">\n\t\t\t\t<div class=\"elementor-widget-container\">\n\t\t\t\t\t\t\t<h2>Introduzione<\/h2><p>Per migliorare l\u2019esperienza di navigazione, questo sito utilizza i \u201ccookies\u201d. I cookies sono piccole porzioni di dati che vengono archiviati temporaneamente nella memoria tuo browser. I dati raccolti tramite i cookies permettono di confrontare i visitatori nuovi e quelli passati, capire come gli utenti navigano il sito web, ed in generale consentono una migliore esperienza di utilizzo del sito.<\/p><p>I cookie non registrano alcuna informazione personale su un utente e gli eventuali dati identificabili non verranno memorizzati. Se si desidera disabilitare l\u2019uso dei cookie \u00e8 necessario personalizzare le impostazioni del proprio computer impostando la cancellazione di tutti i cookie o attivando un messaggio di avviso quando i cookie vengono memorizzati. Per procedere senza modificare l\u2019applicazione dei cookie \u00e8 sufficiente continuare con la navigazione.<\/p><p>Visita <a href=\"http:\/\/www.aboutcookies.org\/\" target=\"_blank\" rel=\"noopener\">AboutCookies.org <\/a>per ulteriori informazioni sui cookie e su come influenzano la tua esperienza di navigazione.<\/p>\t\t\t\t\t\t<\/div>\n\t\t\t\t<\/div>\n\t\t\t\t<div class=\"elementor-element elementor-element-8cbcbce elementor-widget elementor-widget-text-editor\" data-id=\"8cbcbce\" data-element_type=\"widget\" data-widget_type=\"text-editor.default\">\n\t\t\t\t<div class=\"elementor-widget-container\">\n\t\t\t\t\t\t\t<h1>I tipi di Cookie che utilizziamo<\/h1><h2>Cookie Indispendabili<\/h2><p>Questi cookie sono essenziali alla navigazione in tutto il sito ed all\u2019utilizzo di tutte le sue funzionalit\u00e0, come ad esempio accedere alle varie aree protette del sito. Senza questi cookie alcuni servizi necessari, come ad esempio la compilazione di un form per un concorso, non possono essere fruiti.<\/p>\t\t\t\t\t\t<\/div>\n\t\t\t\t<\/div>\n\t\t\t\t<div class=\"elementor-element elementor-element-1c11d16 elementor-widget elementor-widget-text-editor\" data-id=\"1c11d16\" data-element_type=\"widget\" data-widget_type=\"text-editor.default\">\n\t\t\t\t<div class=\"elementor-widget-container\">\n\t\t\t\t\t\t\t<h2>Performance Cookie<\/h2><p>Questi cookie raccolgono informazioni su come gli utenti utilizzano un sito web, ad esempio quali sono le pagine pi\u00f9 visitate, o se si ricevono messaggi di errore da pagine web. Questi cookie non raccolgono informazioni che identificano un visitatore. Tutte le informazioni raccolte tramite cookie sono aggregate e quindi anonime. Vengono utilizzati solo per migliorare il funzionamento di un sito web. Utilizzando il nostro sito, l\u2019utente accetta che tali cookie possono essere memorizzati sul proprio dispositivo.<\/p>\t\t\t\t\t\t<\/div>\n\t\t\t\t<\/div>\n\t\t\t\t<div class=\"elementor-element elementor-element-66aa215 elementor-widget elementor-widget-text-editor\" data-id=\"66aa215\" data-element_type=\"widget\" data-widget_type=\"text-editor.default\">\n\t\t\t\t<div class=\"elementor-widget-container\">\n\t\t\t\t\t\t\t<h2>Cookie di Funzionalit\u00e0<\/h2><p>I cookie consentono al sito di ricordare le scelte fatte dall\u2019utente (come il nome, la lingua o la regione di provenienza) e forniscono funzionalit\u00e0 avanzate personalizzate. Questi cookie possono essere utilizzati anche per ricordare le modifiche apportate alla dimensione del testo, font ed altre parti di pagine web che \u00e8 possibile personalizzare. Essi possono essere utilizzati anche per fornire servizi che hai chiesto come guardare un video o i commenti su un blog. Le informazioni raccolte da questi tipi di cookie possono essere rese anonime e non in grado di monitorare la vostra attivit\u00e0 di navigazione su altri siti web. Utilizzando il nostro sito, l\u2019utente accetta che tali cookie possono essere installati sul proprio dispositivo.<\/p>\t\t\t\t\t\t<\/div>\n\t\t\t\t<\/div>\n\t\t\t\t<div class=\"elementor-element elementor-element-ccdfaee elementor-widget elementor-widget-text-editor\" data-id=\"ccdfaee\" data-element_type=\"widget\" data-widget_type=\"text-editor.default\">\n\t\t\t\t<div class=\"elementor-widget-container\">\n\t\t\t\t\t\t\t<h2>Come eliminare e gestire i Cookie sui vari browser<\/h2><p class=\"p1\"><span class=\"s1\">Ciascun browser presenta procedure diverse per la gestione\/eliminazione delle impostazioni.<br \/><\/span><span class=\"s1\">L\u2019utente pu\u00f2 ottenere istruzioni specifiche attraverso i link sottostanti.<\/span><\/p><ul><li><span class=\"s3\"><span class=\"s4\"><a href=\"http:\/\/windows.microsoft.com\/it-it\/internet-explorer\/delete-manage-cookies\">Microsoft Windows Explorer<\/a><\/span><\/span><\/li><li><span class=\"s4\" style=\"font-size: 1rem;\"><a style=\"font-size: 1rem;\" href=\"https:\/\/support.google.com\/chrome\/bin\/answer.py?hl=it&amp;answer=95647&amp;p=cpn_cookies\">Google Chrome<\/a><\/span><\/li><li><span class=\"s4\" style=\"font-size: 1rem;\"><a style=\"font-size: 1rem;\" href=\"https:\/\/support.mozilla.org\/it\/kb\/Attivare%20e%20disattivare%20i%20cookie\">Mozilla Firefox<\/a><\/span><\/li><li><span class=\"s4\" style=\"font-size: 1rem;\"><a style=\"font-size: 1rem;\" href=\"http:\/\/support.apple.com\/kb\/PH17191?viewlocale=it_IT&amp;locale=it_IT\">Apple Safari<\/a><\/span><\/li><li><a style=\"font-size: 1rem;\" href=\"http:\/\/www.opera.com\/help\/tutorials\/security\/privacy\/\"><span class=\"s4\">Opera<\/span><\/a><\/li><\/ul>\t\t\t\t\t\t<\/div>\n\t\t\t\t<\/div>\n\t\t\t\t<div class=\"elementor-element elementor-element-b9cd9c7 elementor-widget elementor-widget-text-editor\" data-id=\"b9cd9c7\" data-element_type=\"widget\" data-widget_type=\"text-editor.default\">\n\t\t\t\t<div class=\"elementor-widget-container\">\n\t\t\t\t\t\t\t<h2>Cookie di Terze Parti<\/h2><p class=\"p4\"><em><span class=\"s1\">Google Analytics<\/span><\/em><\/p><p class=\"p1\"><span class=\"s1\">Questo sito web utilizza Google Analytics, un servizio di analisi web fornito da Google, Inc. (\u201cGoogle\u201d). Google Analytics utilizza dei cookies per consentire al sito web di analizzare come gli utenti utilizzano il sito. Le informazioni generate dal cookie sull\u2019utilizzo del sito web (compreso il tuo indirizzo IP anonimo) verranno trasmesse e depositate presso i server di Google negli Stati Uniti\u00a0cos\u00ec come indicato nella Informativa reperibile al\u00a0<a href=\"https:\/\/developers.google.com\/analytics\/devguides\/collection\/analyticsjs\/cookie-usage\"><span class=\"s2\">seguente link<\/span><\/a>.<\/span><\/p><p class=\"p1\"><span class=\"s1\">Google utilizzer\u00e0 queste informazioni allo scopo di esaminare il tuo utilizzo del sito web, compilare report sulle attivit\u00e0 del sito per gli operatori dello stesso e fornire altri servizi relativi alle attivit\u00e0 del sito web e all\u2019utilizzo di internet. Google pu\u00f2 anche trasferire queste informazioni a terzi ove ci\u00f2 sia imposto dalla legge o laddove tali terzi trattino le suddette informazioni per conto di Google. Google non assocer\u00e0 il tuo indirizzo IP a nessun altro dato posseduto da Google.\u00a0<\/span><\/p><p class=\"p1\"><span class=\"s1\">Per consultare l\u2019<a href=\"http:\/\/www.google.com\/intl\/en\/analytics\/privacyoverview.html\"><span class=\"s2\">informativa privacy della societ\u00e0 Google Inc.<\/span><\/a>, titolare autonomo del trattamento dei dati relativi al servizio Google Analytics, si rinvia al sito Internet.<\/span><\/p><p class=\"p1\"><em><span class=\"s1\">Pulsanti e widget di social network<\/span><\/em><\/p><p class=\"p1\"><span class=\"s1\">I Social buttons sono quei particolari \u201cpulsanti\u201d presenti sul sito che raffigurano le icone di social network (esempio, Facebook e Twitter) e consentono agli utenti che stanno navigando di interagire con un \u201cclick\u201d direttamente con le piattaforme social.<\/span><\/p><p class=\"p1\"><span class=\"s1\">Il sito incorpora pulsanti e widget di Facebook, Google e Twitter, che comportano l\u2019installazione di cookie, anche profilanti, di detti Social. Per maggiori informazioni, anche sulla disattivazione di tali cookie, si consiglia di consultare i seguenti link:<\/span><\/p><p class=\"p1\"><span class=\"s1\">Per Twitter (Twitter inc.)<\/span><\/p><ol class=\"ol1\"><li class=\"li2\"><span class=\"s3\"><a href=\"http:\/\/twitter.com\/privacy\"><span class=\"s4\">Policy Privacy<\/span><\/a><\/span><\/li><li class=\"li2\"><span class=\"s3\"><a href=\"https:\/\/support.twitter.com\/articles\/20170519-uso-dei-cookie-e-di-altre-tecnologie-simili-da-parte-di-twitter#\"><span class=\"s4\">Policy Cookie<\/span><\/a><\/span><\/li><\/ol><p class=\"p1\"><span class=\"s1\">Per Facebook (Facebook inc.)<\/span><\/p><ol class=\"ol1\"><li class=\"li2\"><span class=\"s3\"><a href=\"https:\/\/www.facebook.com\/privacy\/explanation\"><span class=\"s4\">Policy Privacy<\/span><\/a><\/span><\/li><li class=\"li2\"><span class=\"s3\"><a href=\"https:\/\/www.facebook.com\/help\/cookies\"><span class=\"s4\">Policy Cookie<\/span><\/a><\/span><\/li><\/ol><p class=\"p1\"><span class=\"s1\">Per Google (Google inc.) \/\u00a0<\/span><span class=\"s1\">Per Youtube<\/span><\/p><ol class=\"ol1\"><li class=\"li2\"><span class=\"s3\"><a href=\"https:\/\/www.google.it\/intl\/it\/policies\/privacy\/#infocollect\"><span class=\"s4\">Policy Privacy<\/span><\/a><\/span><\/li><li class=\"li2\"><span class=\"s3\"><a href=\"https:\/\/www.youtube.com\/static?&amp;template=privacy_guidelines\"><span class=\"s4\">Policy Privacy Youtube<\/span><\/a><\/span><\/li><li class=\"li2\"><span class=\"s3\"><a href=\"https:\/\/www.google.it\/intl\/it\/policies\/technologies\/cookies\/\"><span class=\"s4\">Policy Cookie<\/span><\/a><\/span><\/li><\/ol>\t\t\t\t\t\t<\/div>\n\t\t\t\t<\/div>\n\t\t\t\t\t<\/div>\n\t\t<\/div>\n\t\t\t\t\t<\/div>\n\t\t<\/section>\n\t\t\t\t<\/div>","protected":false},"excerpt":{"rendered":"<p>Cookie Policy Introduzione Per migliorare l\u2019esperienza di navigazione, questo sito utilizza i \u201ccookies\u201d. I cookies sono piccole porzioni di dati che vengono archiviati temporaneamente nella memoria tuo browser. I dati raccolti tramite i cookies permettono di confrontare i visitatori nuovi e quelli passati, capire come gli utenti navigano il sito web, ed in generale consentono &hellip; <\/p>\n<p class=\"link-more\"><a href=\"https:\/\/augersrl.com\/en\/cookie-policy\/\" class=\"more-link\">Continue reading<span class=\"screen-reader-text\"> &#8220;Cookie Policy&#8221;<\/span><\/a><\/p>","protected":false},"author":1,"featured_media":0,"parent":0,"menu_order":6,"comment_status":"closed","ping_status":"closed","template":"elementor_header_footer","meta":{"footnotes":""},"class_list":["post-986","page","type-page","status-publish","hentry"],"_links":{"self":[{"href":"https:\/\/augersrl.com\/en\/wp-json\/wp\/v2\/pages\/986","targetHints":{"allow":["GET"]}}],"collection":[{"href":"https:\/\/augersrl.com\/en\/wp-json\/wp\/v2\/pages"}],"about":[{"href":"https:\/\/augersrl.com\/en\/wp-json\/wp\/v2\/types\/page"}],"author":[{"embeddable":true,"href":"https:\/\/augersrl.com\/en\/wp-json\/wp\/v2\/users\/1"}],"replies":[{"embeddable":true,"href":"https:\/\/augersrl.com\/en\/wp-json\/wp\/v2\/comments?post=986"}],"version-history":[{"count":2,"href":"https:\/\/augersrl.com\/en\/wp-json\/wp\/v2\/pages\/986\/revisions"}],"predecessor-version":[{"id":1001,"href":"https:\/\/augersrl.com\/en\/wp-json\/wp\/v2\/pages\/986\/revisions\/1001"}],"wp:attachment":[{"href":"https:\/\/augersrl.com\/en\/wp-json\/wp\/v2\/media?parent=986"}],"curies":[{"name":"wp","href":"https:\/\/api.w.org\/{rel}","templated":true}]}}